{"id":1147,"date":"2023-03-03T11:19:52","date_gmt":"2023-03-03T10:19:52","guid":{"rendered":"http:\/\/compagnieaufildeleau.com\/?page_id=1147"},"modified":"2025-03-14T17:06:35","modified_gmt":"2025-03-14T16:06:35","slug":"les-artistes","status":"publish","type":"page","link":"https:\/\/compagnieaufildeleau.com\/index.php\/les-artistes\/","title":{"rendered":"Les artistes"},"content":{"rendered":"\n<hr class=\"wp-block-separator has-alpha-channel-opacity is-style-wide\"\/>\n\n\n\n<div style=\"height:38px\" aria-hidden=\"true\" class=\"wp-block-spacer\"><\/div>\n\n\n\n<div style=\"height:10px\" aria-hidden=\"true\" class=\"wp-block-spacer\"><\/div>\n\n\n\n<div class=\"wp-block-media-text alignwide is-stacked-on-mobile\" style=\"grid-template-columns:15% auto\"><figure class=\"wp-block-media-text__media\"><img decoding=\"async\" loading=\"lazy\" width=\"150\" height=\"150\" src=\"http:\/\/compagnieaufildeleau.com\/wp-content\/uploads\/2022\/01\/Olivier-e1642757506950-150x150.jpg\" alt=\"\" class=\"wp-image-570 size-thumbnail\" srcset=\"https:\/\/compagnieaufildeleau.com\/wp-content\/uploads\/2022\/01\/Olivier-e1642757506950-150x150.jpg 150w, https:\/\/compagnieaufildeleau.com\/wp-content\/uploads\/2022\/01\/Olivier-e1642757506950-300x300.jpg 300w, https:\/\/compagnieaufildeleau.com\/wp-content\/uploads\/2022\/01\/Olivier-e1642757506950.jpg 545w\" sizes=\"(max-width: 150px) 100vw, 150px\" \/><\/figure><div class=\"wp-block-media-text__content\">\n<h3>Olivier BOYER<\/h3>\n\n\n\n<p><strong>Percussions<br><\/strong>Spectacle : Sambadaora<\/p>\n<\/div><\/div>\n\n\n\n<div style=\"height:10px\" aria-hidden=\"true\" class=\"wp-block-spacer\"><\/div>\n\n\n\n<p>Musicien professionnel depuis 2005 , Olivier Boyer est batteur et percussionniste dans diverses formations telles que :<br>\u2013 Samenakoa (3 albums et tourn\u00e9es internationales) en tant que batteur.&nbsp;<br>\u2013 Compagnie La Roda, d\u00e9di\u00e9e \u00e0 la musique br\u00e9silienne (choro, forro), dans les deux formations Z\u00e9 boiad\u00e9 et 5 \u00e0 table (2 albums, tourn\u00e9es en France et au Br\u00e9sil ) en tant que percussionniste .<br>\u2013 Cumbia Chichara (3 albums et tourn\u00e9es internationales) en tant que percussionniste et chanteur.&nbsp;<br>\u2013 Compagnie Rara Woulib (compagnie de th\u00e9\u00e2tre de rue, cr\u00e9ation des deux spectacles D\u00e9blozay et Bizangos, ayant tourn\u00e9 en France et Europe) en tant que com\u00e9dien, percussionniste et chanteur.<br>\u2013 Souvnans, projet musical autour des musiques Caraibes, Cuba, Haiti, Nouvelle Orl\u00e9ans, en tant que percussionniste et chanteur.<\/p>\n\n\n\n<div style=\"height:41px\" aria-hidden=\"true\" class=\"wp-block-spacer\"><\/div>\n\n\n\n<div class=\"wp-block-media-text alignwide is-stacked-on-mobile\" style=\"grid-template-columns:15% auto\"><figure class=\"wp-block-media-text__media\"><img decoding=\"async\" loading=\"lazy\" width=\"981\" height=\"1024\" src=\"http:\/\/compagnieaufildeleau.com\/wp-content\/uploads\/2025\/03\/DSC02285-Andrea-e1741968343398-981x1024.jpg\" alt=\"\" class=\"wp-image-1435 size-thumbnail\" srcset=\"https:\/\/compagnieaufildeleau.com\/wp-content\/uploads\/2025\/03\/DSC02285-Andrea-e1741968343398-981x1024.jpg 981w, https:\/\/compagnieaufildeleau.com\/wp-content\/uploads\/2025\/03\/DSC02285-Andrea-e1741968343398-287x300.jpg 287w, https:\/\/compagnieaufildeleau.com\/wp-content\/uploads\/2025\/03\/DSC02285-Andrea-e1741968343398-768x802.jpg 768w, https:\/\/compagnieaufildeleau.com\/wp-content\/uploads\/2025\/03\/DSC02285-Andrea-e1741968343398-1471x1536.jpg 1471w, https:\/\/compagnieaufildeleau.com\/wp-content\/uploads\/2025\/03\/DSC02285-Andrea-e1741968343398.jpg 1498w\" sizes=\"(max-width: 981px) 100vw, 981px\" \/><\/figure><div class=\"wp-block-media-text__content\">\n<h3>Andrea CAPARROS<\/h3>\n\n\n\n<p>Chant, accord\u00e9on, petites percussions<strong><br><\/strong>Spectacle : Bleu Br\u00e9sil<\/p>\n<\/div><\/div>\n\n\n\n<p>N\u00e9e d&rsquo;une m\u00e8re chanteuse br\u00e9silienne et d&rsquo;un p\u00e8re saxophoniste et accord\u00e9oniste, Andrea Caparros d\u00e9marre la musique \u00e0 6 ans (piano et formation musicale) puis \u00e9tudie la musique au conservatoire et \u00e0 l&rsquo;universit\u00e9.<br>Elle compose plusieurs albums sur lesquels elle chante et joue du piano, et \u00e9crit des spectacles musicaux pour le jeune public :&nbsp;<em>Un Voyage au Br\u00e9sil<\/em>,&nbsp;<em>Titom&nbsp;<\/em>ou&nbsp;<em>Haut les C\u0153urs Moussaillon!<\/em><br>Aujourd\u2019hui, elle m\u00e8ne plusieurs projets musicaux dans le domaine du jazz, de la musique soul ou br\u00e9silienne.<\/p>\n\n\n\n<div style=\"height:41px\" aria-hidden=\"true\" class=\"wp-block-spacer\"><\/div>\n\n\n\n<div class=\"wp-block-media-text alignwide is-stacked-on-mobile\" style=\"grid-template-columns:15% auto\"><figure class=\"wp-block-media-text__media\"><img decoding=\"async\" src=\"http:\/\/compagnieaufildeleau.com\/wp-content\/uploads\/2022\/01\/portrait-instru-2-scaled-e1642757657762-150x150.jpg\" alt=\"\"\/><\/figure><div class=\"wp-block-media-text__content\">\n<h3>Rapha\u00ebl ILLES<\/h3>\n\n\n\n<p><strong>Saxophone, fl\u00fbte traversi\u00e8re<br><\/strong>Spectacles : Quand No\u00ebl s\u2019emballe, Sambadaora<\/p>\n<\/div><\/div>\n\n\n\n<div style=\"height:10px\" aria-hidden=\"true\" class=\"wp-block-spacer\"><\/div>\n\n\n\n<p>D\u00e8s son plus jeune age, Rapha\u00ebl Illes commence \u00e0 jouer du saxophone \u00e0 l\u2019\u00e9cole de musique de sa ville natale, Mende, et poursuit sa formation classique jusqu\u2019au Prix du conservatoire \u00e0 Montpellier.<br>Il se tourne ensuite vers le jazz, sa grande passion. Il aura la chance de cotoyer de grands ma\u00eetres durant ses ann\u00e9es de formation \u00e0 l\u2019IMFP de Salon de Provence, et aux conservatoires de Marseille et de Paris. Depuis 15 ans maintenant, les diff\u00e9rents projets auxquels il participe (Palinka, Courir Les Rues, Raven, French Flair Trio\u2026) l\u2019am\u00e8nent \u00e0 jouer partout en France et \u00e0 l\u2019\u00e9tranger.<br>Il s\u2019installe dans le Sud de la France en 2019 et joue avec le Thomas Laffont 4tet, le groupe Spirit of 3 de Christophe Dal Sasso et Shekinah Rodz, et dans des cr\u00e9ations de la compagnie Au fil de l\u2019eau.<\/p>\n\n\n\n<div style=\"height:44px\" aria-hidden=\"true\" class=\"wp-block-spacer\"><\/div>\n\n\n\n<div class=\"wp-block-media-text alignwide is-stacked-on-mobile\" style=\"grid-template-columns:15% auto\"><figure class=\"wp-block-media-text__media\"><img decoding=\"async\" src=\"http:\/\/compagnieaufildeleau.com\/wp-content\/uploads\/2022\/01\/image0-e1642757441464-150x150.jpeg\" alt=\"\"\/><\/figure><div class=\"wp-block-media-text__content\">\n<h3>Emile MELENCHON<\/h3>\n\n\n\n<p><strong>Cavaquinho, guitare<br><\/strong>Spectacle : Sambadaora<\/p>\n<\/div><\/div>\n\n\n\n<div style=\"height:10px\" aria-hidden=\"true\" class=\"wp-block-spacer\"><\/div>\n\n\n\n<p>D\u00e8s l\u2019\u00e2ge de 7 ans, Emile Melenchon d\u00e9bute la guitare classique \u00e0 l\u2019\u00e9cole de musique d\u2019Ollioules. Apr\u00e8s 5 ans d\u2019\u00e9tudes, il donne son premier concert en solo, int\u00e8gre le Bandol jazz orchestra (Big Band Jazz) en tant que guitariste rythmique et entre au conservatoire de Toulon. C\u2019est l\u00e0 qu\u2019il rencontre Yves Dubreuil, avec qui il \u00e9tudiera pendant 14 ans le r\u00e9pertoire de la guitare classique et quelques falsetas du grand guitariste Paco de Lucia.<br>A 17 ans il commence \u00e0 s\u2019int\u00e9resser au jazz. Son oncle, fan de jazz manouche, lui fait d\u00e9couvrir \u00ab tchan tchou \u00bb (guitariste reconnu par ce milieu) puis l\u2019incontournable Django Reinhardt. Fascin\u00e9 par cette musique il rel\u00e8ve d\u2019oreille ses premiers chorus, ses premi\u00e8res grilles et monte son premier groupe de jazz manouche appel\u00e9 \u00bb les chats noirs \u00bb.<br>Apr\u00e8s l\u2019obtention de ses DEM de guitare classique et jazz au conservatoire de Toulon, Emile Melenchon commence \u00e0 fouler les planches des sc\u00e8nes de sa r\u00e9gion et enregistre un premier album \u00ab Ready or blue note \u00bb en tant que guitariste, co compositeur et arrangeur du groupe Will the blue griot.<br>C\u2019est \u00e0 paris 2 ans plus tard qu\u2019il fera ses armes en tant que sideman, compositeur, arrangeur et directeur artistique pendant 6 ans, en collaboration avec de nombreux artistes de la nouvelle g\u00e9n\u00e9ration du Jazz fran\u00e7ais, Bastien Ribot, Laurent Coulondre, Nicolas Folmer, Gautier Garrigue, Jeremy Bruy\u00e8re, Mathias Levy\u2026<\/p>\n\n\n\n<div style=\"height:48px\" aria-hidden=\"true\" class=\"wp-block-spacer\"><\/div>\n\n\n\n<div class=\"wp-block-media-text alignwide is-stacked-on-mobile\" style=\"grid-template-columns:15% auto\"><figure class=\"wp-block-media-text__media\"><img decoding=\"async\" src=\"http:\/\/compagnieaufildeleau.com\/wp-content\/uploads\/2022\/01\/portrait-instru-3-scaled-e1641567463943-150x150.jpg\" alt=\"\"\/><\/figure><div class=\"wp-block-media-text__content\">\n<h3>Olivier RONFARD<\/h3>\n\n\n\n<p><strong>Accord\u00e9on, guitare, percussions<br><\/strong>Spectacle : Quand No\u00ebl s\u2019emballe<\/p>\n<\/div><\/div>\n\n\n\n<div style=\"height:10px\" aria-hidden=\"true\" class=\"wp-block-spacer\"><\/div>\n\n\n\n<p>Pendant ses ann\u00e9es de lyc\u00e9e, Olivier Ronfard tient la guitare basse, les claviers et les choeurs dans le groupe de rock form\u00e9 avec ses deux fr\u00e8res. Il reprend du Radiohead, Blur, Eels, Grandaddy\u2026<br>La suite de son parcours musical le m\u00e8ne vers la chanson fran\u00e7aise : co-fondateur du groupe Courir Les Rues en 2001. Il est auteur, compositeur, accord\u00e9oniste, guitariste, et chanteur de ce projet tout-terrain, autoproduit par une bande d\u2019allum\u00e9s, amoureux de la langue, de la musique et de la sc\u00e8ne. Le groupe cr\u00e9e cinq spectacles, sort quatre albums et donne plus de 700 concerts dans neuf pays et sur trois continents.<\/p>\n\n\n\n<div style=\"height:42px\" aria-hidden=\"true\" class=\"wp-block-spacer\"><\/div>\n\n\n\n<div class=\"wp-block-media-text alignwide is-stacked-on-mobile\" style=\"grid-template-columns:15% auto\"><figure class=\"wp-block-media-text__media\"><img decoding=\"async\" src=\"http:\/\/compagnieaufildeleau.com\/wp-content\/uploads\/2022\/01\/5-@FredBouteille-150x150.jpg\" alt=\"\"\/><\/figure><div class=\"wp-block-media-text__content\">\n<h3>Wim WELKER<\/h3>\n\n\n\n<p><strong>Guitares<br><\/strong>Spectacle : Sambadaora<\/p>\n<\/div><\/div>\n\n\n\n<div style=\"height:10px\" aria-hidden=\"true\" class=\"wp-block-spacer\"><\/div>\n\n\n\n<p>N\u00e9 en 1978, guitariste de Jazz (Dipl\u00f4m\u00e9 du Conservatoire de Marseille) , Wim Welker \u00e9tudie et se passionne pour la musique br\u00e9silienne depuis 2012 (Stages de Choro et Samba \u00e0 Rio de Janeiro en 2012 et 2013). Depuis, il se produit avec de nombreux groupes&nbsp;: 5 \u00e0 table (Choro), Z\u00e9 Boiad\u00e9 (compos), Baile Rabecado (Forro), Sambadaora (Samba) \u2026<\/p>\n\n\n\n<div style=\"height:36px\" aria-hidden=\"true\" class=\"wp-block-spacer\"><\/div>\n\n\n\n<p><em>Cr\u00e9dits photos: Fred Bouteille, Caroline Boghossian<\/em><\/p>\n","protected":false},"excerpt":{"rendered":"<p>Olivier BOYER PercussionsSpectacle : Sambadaora Musicien professionnel depuis 2005 , Olivier Boyer est batteur et percussionniste dans diverses formations telles que :\u2013 Samenakoa (3 albums et tourn\u00e9es internationales) en tant que batteur.&nbsp;\u2013 Compagnie La Roda, d\u00e9di\u00e9e \u00e0 la musique br\u00e9silienne (choro, forro), dans les deux formations Z\u00e9 boiad\u00e9 et 5 \u00e0 table (2 albums, tourn\u00e9es &hellip;<\/p>\n<p class=\"read-more\"> <a class=\"\" href=\"https:\/\/compagnieaufildeleau.com\/index.php\/les-artistes\/\"> <span class=\"screen-reader-text\">Les artistes<\/span> Lire la suite\u00a0\u00bb<\/a><\/p>\n","protected":false},"author":1,"featured_media":0,"parent":0,"menu_order":0,"comment_status":"closed","ping_status":"closed","template":"","meta":{"site-sidebar-layout":"default","site-content-layout":"default","ast-global-header-display":"","ast-main-header-display":"","ast-hfb-above-header-display":"","ast-hfb-below-header-display":"","ast-hfb-mobile-header-display":"","site-post-title":"","ast-breadcrumbs-content":"","ast-featured-img":"","footer-sml-layout":"","theme-transparent-header-meta":"","adv-header-id-meta":"","stick-header-meta":"","header-above-stick-meta":"","header-main-stick-meta":"","header-below-stick-meta":""},"_links":{"self":[{"href":"https:\/\/compagnieaufildeleau.com\/index.php\/wp-json\/wp\/v2\/pages\/1147"}],"collection":[{"href":"https:\/\/compagnieaufildeleau.com\/index.php\/wp-json\/wp\/v2\/pages"}],"about":[{"href":"https:\/\/compagnieaufildeleau.com\/index.php\/wp-json\/wp\/v2\/types\/page"}],"author":[{"embeddable":true,"href":"https:\/\/compagnieaufildeleau.com\/index.php\/wp-json\/wp\/v2\/users\/1"}],"replies":[{"embeddable":true,"href":"https:\/\/compagnieaufildeleau.com\/index.php\/wp-json\/wp\/v2\/comments?post=1147"}],"version-history":[{"count":15,"href":"https:\/\/compagnieaufildeleau.com\/index.php\/wp-json\/wp\/v2\/pages\/1147\/revisions"}],"predecessor-version":[{"id":1438,"href":"https:\/\/compagnieaufildeleau.com\/index.php\/wp-json\/wp\/v2\/pages\/1147\/revisions\/1438"}],"wp:attachment":[{"href":"https:\/\/compagnieaufildeleau.com\/index.php\/wp-json\/wp\/v2\/media?parent=1147"}],"curies":[{"name":"wp","href":"https:\/\/api.w.org\/{rel}","templated":true}]}}