{"id":39,"date":"2022-01-07T12:32:58","date_gmt":"2022-01-07T11:32:58","guid":{"rendered":"http:\/\/compagnieaufildeleau.com\/?page_id=39"},"modified":"2023-03-04T10:32:22","modified_gmt":"2023-03-04T09:32:22","slug":"concerts","status":"publish","type":"page","link":"https:\/\/compagnieaufildeleau.com\/index.php\/concerts\/","title":{"rendered":"Concerts"},"content":{"rendered":"\n<hr class=\"wp-block-separator has-alpha-channel-opacity is-style-wide\"\/>\n\n\n\n<div style=\"height:28px\" aria-hidden=\"true\" class=\"wp-block-spacer\"><\/div>\n\n\n\n<h2 id=\"sambadaora\"><strong>Sambadaora<\/strong><\/h2>\n\n\n\n<p>Sambadaora r\u00e9unit des musiciens passionn\u00e9s par le samba, qui se retrouvent autour d\u2019arrangements personnels de cette musique si vibrante. Si tous les textes ne sont pas toujours joyeux, le samba colle pourtant un sourire sur tous les visages. Car c\u2019est la musique de partage par excellence, o\u00f9 le public est invit\u00e9 \u00e0 danser, chanter, frapper des mains. Le groupe se situe dans la tradition des rodas de sambas cariocas, o\u00f9 se c\u00f4toient les m\u00e9lodies des premiers sambistes des ann\u00e9es 30 et les chansons aux accents plus modernes. Le groupe se produit \u00e0 4, 5 ou 6 musiciens. L\u2019instrumentation comprend une guitare 7 cordes, un cavaquinho, un pandeiro, un surdo et la voix, et au gr\u00e9 des \u00e9v\u00e9nements se rajoutent un saxophone, une fl\u00fbte, ou d\u2019autres percussions.<\/p>\n\n\n\n<figure class=\"wp-block-image\"><img decoding=\"async\" src=\"http:\/\/compagnieaufildeleau.com\/wp-content\/uploads\/2022\/01\/Samba-1-2048x1365.jpg\" alt=\"\"\/><\/figure>\n\n\n\n<h3>Distribution<\/h3>\n\n\n\n<p>Sylvia Auclair &#8211; chant &amp; surdo<br>Emile M\u00e9lenchon &#8211; cavaquinho<br>Wim Welker &#8211; guitare 7 cordes<br>Olivier Boyer &#8211; pandeiro, percussions<br>Rapha\u00ebl Illes &#8211; fl\u00fbte, saxophone<\/p>\n\n\n\n<figure class=\"wp-block-image alignwide\"><img decoding=\"async\" src=\"http:\/\/compagnieaufildeleau.com\/wp-content\/uploads\/2022\/01\/Samba-interieur-1024x683.jpg\" alt=\"\"\/><\/figure>\n\n\n\n<p class=\"has-text-align-center\">Quando bate uma saudade<br>(Paulinho da Viola)<\/p>\n\n\n\n<p class=\"has-text-align-center\">A flor e o espinho \/ Minha festa<br>(Nelson Cavaquinho)<\/p>\n\n\n\n<p class=\"has-text-align-center\">Candeeiro<br>(Teresa Cristina)<\/p>\n\n\n<div class=\"ast-oembed-container\" style=\"height: 100%;\"><iframe loading=\"lazy\" title=\"SAMBADAORA - Quando bate uma saudade (Paulinho da Viola)\" width=\"500\" height=\"281\" src=\"https:\/\/www.youtube.com\/embed\/7x7uKeAfyw4?feature=oembed\" frameborder=\"0\" allow=\"accelerometer; autoplay; clipboard-write; encrypted-media; gyroscope; picture-in-picture; web-share\" allowfullscreen><\/iframe><\/div>\n\n\n\n<div style=\"height:24px\" aria-hidden=\"true\" class=\"wp-block-spacer\"><\/div>\n\n\n<div class=\"ast-oembed-container\" style=\"height: 100%;\"><iframe loading=\"lazy\" title=\"SAMBADAORA - O amor e o espinho \/ Minha festa (Nelson Cavaquinho)\" width=\"500\" height=\"281\" src=\"https:\/\/www.youtube.com\/embed\/ZplkTXn87_I?feature=oembed\" frameborder=\"0\" allow=\"accelerometer; autoplay; clipboard-write; encrypted-media; gyroscope; picture-in-picture; web-share\" allowfullscreen><\/iframe><\/div>\n\n\n\n<div style=\"height:22px\" aria-hidden=\"true\" class=\"wp-block-spacer\"><\/div>\n\n\n<div class=\"ast-oembed-container\" style=\"height: 100%;\"><iframe loading=\"lazy\" title=\"SAMBADAORA - Candeeiro (Teresa Cristina)\" width=\"500\" height=\"281\" src=\"https:\/\/www.youtube.com\/embed\/vMDYHmprMgM?feature=oembed\" frameborder=\"0\" allow=\"accelerometer; autoplay; clipboard-write; encrypted-media; gyroscope; picture-in-picture; web-share\" allowfullscreen><\/iframe><\/div>\n\n\n\n<p><em>Captation r\u00e9alis\u00e9e au Fort Gibron \u00e0 Correns (83) en juin 2021 \/&nbsp;Vid\u00e9o: Caroline Boghossian \/&nbsp;Mix son: Rapha\u00ebl Auclair.<\/em><br><em>Merci \u00e0 Laurent Sondag pour le pr\u00eat du mat\u00e9riel audio, et \u00e0 la mairie de Correns pour le pr\u00eat de la salle.<\/em><\/p>\n\n\n\n<div style=\"height:100px\" aria-hidden=\"true\" class=\"wp-block-spacer\"><\/div>\n\n\n\n<hr class=\"wp-block-separator has-alpha-channel-opacity is-style-wide\"\/>\n\n\n\n<h2 id=\"jazzitup\"><strong>Jazz it up<\/strong><\/h2>\n\n\n\n<p>La compagnie porte aussi le groupe \u00e0 g\u00e9om\u00e9trie variable Jazz it up, et propose des concerts de jazz qui rendent hommage aux plus grands standards. Du trio au sextet, des concerts aux soir\u00e9es priv\u00e9es, Jazz it up s&rsquo;adapte \u00e0 de nombreux contextes.<\/p>\n\n\n\n<p><a href=\"https:\/\/jazz-it-up.fr\/\" target=\"_blank\" rel=\"noopener\">Lien vers le site internet d\u00e9di\u00e9<\/a><\/p>\n\n\n\n<p><em>Cr\u00e9dits photos: Caroline Boghossian<\/em><\/p>\n","protected":false},"excerpt":{"rendered":"<p>Sambadaora Sambadaora r\u00e9unit des musiciens passionn\u00e9s par le samba, qui se retrouvent autour d\u2019arrangements personnels de cette musique si vibrante. Si tous les textes ne sont pas toujours joyeux, le samba colle pourtant un sourire sur tous les visages. Car c\u2019est la musique de partage par excellence, o\u00f9 le public est invit\u00e9 \u00e0 danser, chanter, &hellip;<\/p>\n<p class=\"read-more\"> <a class=\"\" href=\"https:\/\/compagnieaufildeleau.com\/index.php\/concerts\/\"> <span class=\"screen-reader-text\">Concerts<\/span> Lire la suite\u00a0\u00bb<\/a><\/p>\n","protected":false},"author":1,"featured_media":0,"parent":0,"menu_order":3,"comment_status":"closed","ping_status":"closed","template":"","meta":{"site-sidebar-layout":"default","site-content-layout":"default","ast-global-header-display":"","ast-main-header-display":"","ast-hfb-above-header-display":"","ast-hfb-below-header-display":"","ast-hfb-mobile-header-display":"","site-post-title":"","ast-breadcrumbs-content":"","ast-featured-img":"","footer-sml-layout":"","theme-transparent-header-meta":"","adv-header-id-meta":"","stick-header-meta":"","header-above-stick-meta":"","header-main-stick-meta":"","header-below-stick-meta":""},"_links":{"self":[{"href":"https:\/\/compagnieaufildeleau.com\/index.php\/wp-json\/wp\/v2\/pages\/39"}],"collection":[{"href":"https:\/\/compagnieaufildeleau.com\/index.php\/wp-json\/wp\/v2\/pages"}],"about":[{"href":"https:\/\/compagnieaufildeleau.com\/index.php\/wp-json\/wp\/v2\/types\/page"}],"author":[{"embeddable":true,"href":"https:\/\/compagnieaufildeleau.com\/index.php\/wp-json\/wp\/v2\/users\/1"}],"replies":[{"embeddable":true,"href":"https:\/\/compagnieaufildeleau.com\/index.php\/wp-json\/wp\/v2\/comments?post=39"}],"version-history":[{"count":70,"href":"https:\/\/compagnieaufildeleau.com\/index.php\/wp-json\/wp\/v2\/pages\/39\/revisions"}],"predecessor-version":[{"id":1220,"href":"https:\/\/compagnieaufildeleau.com\/index.php\/wp-json\/wp\/v2\/pages\/39\/revisions\/1220"}],"wp:attachment":[{"href":"https:\/\/compagnieaufildeleau.com\/index.php\/wp-json\/wp\/v2\/media?parent=39"}],"curies":[{"name":"wp","href":"https:\/\/api.w.org\/{rel}","templated":true}]}}